{"id":66,"date":"2016-11-03T22:58:30","date_gmt":"2016-11-03T21:58:30","guid":{"rendered":"http:\/\/www.austrianresistance.org\/?page_id=66"},"modified":"2025-12-07T18:56:02","modified_gmt":"2025-12-07T17:56:02","slug":"radomir-luza","status":"publish","type":"page","link":"https:\/\/www.austrianresistance.org\/?page_id=66","title":{"rendered":"Radom\u00edr Lu\u017ea"},"content":{"rendered":"<p><img loading=\"lazy\" decoding=\"async\" class=\"size-full wp-image-203 alignleft\" src=\"http:\/\/www.austrianresistance.org\/wp-content\/uploads\/2017\/08\/Radomir_Luza.jpg\" alt=\"\" width=\"150\" height=\"212\" \/><strong>Born on 17 October 1922 in Prague, CSR<br \/>\nDied on 26 November 2009 in Philadelphia, PA <\/strong><\/p>\n<p>Radom\u00edr V\u00e1clav Lu\u017ea, Dr. iur. (Masaryk University of Brno, CSR), PhD (New York University), was a resistance fighter against Nazi dictatorship in occupied Czechoslovakia 1939-1945, US historian and author of the first comprehensive history of resistance in Austria 1938-1945.<\/p>\n<p>Radom\u00edr Lu\u017ea was born into a patriotic soldier\u2019s family in Prague. His father was the renowned Czechoslovak general Vojt\u011bch Boris Lu\u017ea. During the First World War Lu\u017ea\u2019s father had been member of Tom\u00e1\u0161 Masaryk\u2019s \u201cCzech Legion\u201d, an army of more than 70,000 soldiers in Russia, which fought for the re-birth of Czech statehood. Because of his father\u2019s prominent role in the inter-war Czechoslovak army, Radom\u00edr Lu\u017ea\u2019s birthplace was the \u0160tef\u00e1nik barracks in Prague, nowadays the Czech Ministry of Justice. Later the family moved to Brno where Radom\u00edr attended the high school (\u201cgymn\u00e1zium\u201d).<br \/>\nAfter the annexation of the \u201cSudetenland\u201d by Nazi Germany in October 1938 and the occupation of the other Bohemian lands in March 1939, father and son stayed in the then \u201cReichsprotektorat\u201d in order to organize clandestine resistance networks. In summer 1941, after his father had gone underground, Radom\u00edr was arrested by the Gestapo, but eventually released. His father became one of the most important figures in the Czechoslovak resistance and had responsible positions in several non-communist partisan groups like \u201cObrana N\u00e1roda\u201d (\u201cDefense of the Nation\u201d). 1944 he was shot by a police patrol in an inn near P\u0159ibyslav. Lu\u017ea jun. stayed undetected. In 2002, Radom\u00edr Lu\u017ea wrote, together with a colleague at Tulane university, the late Christina Vella, about these crucial years of his life: <a href=\"http:\/\/www.christinavella.com\/kiss.html\" target=\"_blank\" rel=\"noopener noreferrer\">The Hitler Kiss<\/a>: A Memoir of the Czech Resistance (Louisiana State University Press).<\/p>\n<p>After the liberation Radom\u00edr Lu\u017ea studied jurisprudence at the Masaryk University in Brno. He joined the Czechoslovak Social Democratic Party, and was engaged in the restoration of the party\u2019s youth organization. He also became member of the local board of the association of non-communist partisan groups, the Union of National Revolution (\u201cSvaz n\u00e1rodn\u00ed revoluce\u201d) in Brno. After the communist takeover in Prague in February 1948 he was, as an \u201cenemy of the people\u2019s democracy\u201d, deprived of all his leading positions. Together with his wife Libu\u0161e he fled to Austria in March 1948. Whereas the party in Czechoslovakia (\u201c\u010ceskoslovensk\u00e1 soci\u00e1ln\u00ed demokracie\u201d) was incorporated into the Communist Party, emigrants like Lu\u017ea established in London a Czech Social Democracy in Exile.<br \/>\nFrom Vienna the couple moved to France, where Lu\u017ea started to study history at Sorbonne University. 1954 they emigrated to the United States. Radom\u00edr Lu\u017ea continued his studies at New York University. Also from the US he took part in political actions in Europe. His field of activities was the International Union of Socialist Youth, which he had joined already in 1948 in Vienna; his Austrian friend Peter Strasser was president of the IUSY until 1954.<br \/>\n1960 the Lu\u017eas returned to Europe. In Vienna he started working about the complicated German-Czech relations during the Nazi era and its aftermath. His book \u201cThe Transfer of the Sudeten Germans: A Study of Czech-German Relations, 1933-1962\u201d was published in 1964 by the New York University Press. In Vienna he maintained close relations with Austrian Social Democratic politicians and with ex-resistance fighters who, at this very time, founded the Documentation Center of Austrian Resistance. But only in the 1970s and 1980s he wrote his two books about Austrian Nazism and its foes: \u201cAustro-German Relations in the Anschluss Era\u201d (Princeton University Press 1975, German edition 1977 under the title \u201c\u00d6sterreich und die gro\u00dfdeutsche Idee in der NS-Zeit\u201d) and \u201cThe resistance in Austria, 1938-1945\u201d (University of Minnesota Press 1984, German edition 1985 under the title \u201cDer Widerstand in \u00d6sterreich 1938-1945\u201d).<br \/>\nBecause of his continuous anti-communist engagement Czechoslovak, Polish and Hungarian secret services had been watching his political activities since he had left Czechoslovakia in 1948. After 1989 he found out that 23 intelligence agents had written non less than 538 reports about him.<br \/>\n1966 the Lu\u017eas went back to the US and settled in New Orleans. From 1967 through 1993 Radom\u00edr Lu\u017ea was professor for European and German history at Tulane University.<\/p>\n<p>Invited by V\u00e1clav Havel, the Czech president after 1989, Lu\u017ea returned part-time to the Czech Republic to give lectures there and to support the re-establishment of the Social Democratic Party. He was appointed professor for global history at the Masaryk University in his home town Brno. Both in the Czech Republic and in Austria he received awards for his life time achievements. When he finally retired from teaching, the couple moved back to the US, where they lived close to Philadelphia. On 8 August 2001 Libu\u0161e Lu\u017ea died in New York at the age of 72. Radom\u00edr Lu\u017ea lived to the age of 87.<\/p>\n<p>Photo: <span style=\"color: #a52a2a;\">Octavia Books<\/span><\/p>\n","protected":false},"excerpt":{"rendered":"<p>Born on 17 October 1922 in Prague, CSR Died on 26 November 2009 in Philadelphia, PA Radom\u00edr V\u00e1clav Lu\u017ea, Dr. iur. (Masaryk University of Brno, CSR), PhD (New York University), was a resistance fighter against Nazi dictatorship in occupied Czechoslovakia 1939-1945, US historian and author of the first comprehensive history of resistance in Austria 1938-1945. &#8230; <a title=\"Radom\u00edr Lu\u017ea\" class=\"read-more\" href=\"https:\/\/www.austrianresistance.org\/?page_id=66\" aria-label=\"Read more about Radom\u00edr Lu\u017ea\">Read more<\/a><\/p>\n","protected":false},"author":1,"featured_media":0,"parent":8,"menu_order":2,"comment_status":"closed","ping_status":"closed","template":"","meta":{"footnotes":""},"class_list":["post-66","page","type-page","status-publish"],"_links":{"self":[{"href":"https:\/\/www.austrianresistance.org\/index.php?rest_route=\/wp\/v2\/pages\/66"}],"collection":[{"href":"https:\/\/www.austrianresistance.org\/index.php?rest_route=\/wp\/v2\/pages"}],"about":[{"href":"https:\/\/www.austrianresistance.org\/index.php?rest_route=\/wp\/v2\/types\/page"}],"author":[{"embeddable":true,"href":"https:\/\/www.austrianresistance.org\/index.php?rest_route=\/wp\/v2\/users\/1"}],"replies":[{"embeddable":true,"href":"https:\/\/www.austrianresistance.org\/index.php?rest_route=%2Fwp%2Fv2%2Fcomments&post=66"}],"version-history":[{"count":18,"href":"https:\/\/www.austrianresistance.org\/index.php?rest_route=\/wp\/v2\/pages\/66\/revisions"}],"predecessor-version":[{"id":744,"href":"https:\/\/www.austrianresistance.org\/index.php?rest_route=\/wp\/v2\/pages\/66\/revisions\/744"}],"up":[{"embeddable":true,"href":"https:\/\/www.austrianresistance.org\/index.php?rest_route=\/wp\/v2\/pages\/8"}],"wp:attachment":[{"href":"https:\/\/www.austrianresistance.org\/index.php?rest_route=%2Fwp%2Fv2%2Fmedia&parent=66"}],"curies":[{"name":"wp","href":"https:\/\/api.w.org\/{rel}","templated":true}]}}